{"id":32433,"date":"2019-05-09T12:25:14","date_gmt":"2019-05-09T12:25:14","guid":{"rendered":"https:\/\/nsseme.com\/?page_id=32433"},"modified":"2022-10-17T17:21:42","modified_gmt":"2022-10-17T15:21:42","slug":"soil-and-agroecology","status":"publish","type":"page","link":"https:\/\/nsseme.com\/en\/laboratories\/soil-and-agroecology\/","title":{"rendered":"Laboratory for soil and agroecology"},"content":{"rendered":"<p><div class=\"fusion-fullwidth fullwidth-box fusion-builder-row-1 fusion-flex-container nonhundred-percent-fullwidth non-hundred-percent-height-scrolling\" style=\"--awb-border-radius-top-left:0px;--awb-border-radius-top-right:0px;--awb-border-radius-bottom-right:0px;--awb-border-radius-bottom-left:0px;--awb-margin-top:20px;--awb-margin-bottom:0px;--awb-flex-wrap:wrap;\" ><div class=\"fusion-builder-row fusion-row fusion-flex-align-items-stretch fusion-flex-content-wrap\" style=\"max-width:1352px;margin-left: calc(-4% \/ 2 );margin-right: calc(-4% \/ 2 );\"><div class=\"fusion-layout-column fusion_builder_column fusion-builder-column-0 fusion_builder_column_1_1 1_1 fusion-flex-column fusion-column-inner-bg-wrapper\" style=\"--awb-padding-top:0px;--awb-padding-right:0px;--awb-padding-bottom:0px;--awb-padding-left:0px;--awb-inner-bg-size:cover;--awb-width-large:100%;--awb-margin-top-large:20px;--awb-spacing-right-large:1.92%;--awb-margin-bottom-large:20px;--awb-spacing-left-large:1.92%;--awb-width-medium:100%;--awb-spacing-right-medium:1.92%;--awb-spacing-left-medium:1.92%;--awb-width-small:100%;--awb-spacing-right-small:1.92%;--awb-spacing-left-small:1.92%;\"><span class=\"fusion-column-inner-bg hover-type-zoomin\"><span class=\"fusion-column-anchor\"><span class=\"fusion-column-inner-bg-image\"><\/span><\/span><\/span><div class=\"fusion-column-wrapper fusion-flex-justify-content-center fusion-content-layout-column\"><div class=\"fusion-text fusion-text-1\"><h3 style=\"text-align: left;\">LABORATORY FOR SOIL AND AGROECOLOGY<\/h3>\n<\/div><\/div><\/div><\/div><\/div><div class=\"fusion-fullwidth fullwidth-box fusion-builder-row-2 fusion-flex-container nonhundred-percent-fullwidth non-hundred-percent-height-scrolling\" style=\"--awb-border-radius-top-left:0px;--awb-border-radius-top-right:0px;--awb-border-radius-bottom-right:0px;--awb-border-radius-bottom-left:0px;--awb-margin-bottom:50px;--awb-flex-wrap:wrap;\" ><div class=\"fusion-builder-row fusion-row fusion-flex-align-items-flex-start fusion-flex-content-wrap\" style=\"max-width:1352px;margin-left: calc(-4% \/ 2 );margin-right: calc(-4% \/ 2 );\"><div class=\"fusion-layout-column fusion_builder_column fusion-builder-column-1 fusion_builder_column_1_1 1_1 fusion-flex-column\" style=\"--awb-bg-size:cover;--awb-width-large:100%;--awb-margin-top-large:0px;--awb-spacing-right-large:1.92%;--awb-margin-bottom-large:0px;--awb-spacing-left-large:1.92%;--awb-width-medium:100%;--awb-spacing-right-medium:1.92%;--awb-spacing-left-medium:1.92%;--awb-width-small:100%;--awb-spacing-right-small:1.92%;--awb-spacing-left-small:1.92%;\"><div class=\"fusion-column-wrapper fusion-flex-justify-content-flex-start fusion-content-layout-column\"><div class=\"fusion-text fusion-text-2\"><div class=\"fusion-title title fusion-title-2 fusion-sep-none fusion-title-text fusion-title-size-two\">\n<h2 class=\"fusion-responsive-typography-calculated\" style=\"text-align: justify;\" data-fontsize=\"25\" data-lineheight=\"37.5px\">About<\/h2>\n<\/div>\n<div class=\"fusion-text fusion-text-1\">\n<p style=\"text-align: justify;\">Laboratorija za zemlji\u0161te i agroekologiju svim zainteresovanim korisnicima mo\u017ee da ponudi: osnovna istra\u017eivanja, pru\u017eanje ekspertnih usluga i uslu\u017ene analize. Laboratorija se bavi osnovnim i kompleksnim ispitivanjima:<\/p>\n<ul style=\"text-align: justify;\">\n<li>zemlji\u0161ta,<\/li>\n<li>pesticida (hromatografija),<\/li>\n<li>\u0111ubriva,<\/li>\n<li>biljnog materijala,<\/li>\n<li>vode za navodnjavanje.<\/li>\n<\/ul>\n<p style=\"text-align: justify;\"><strong>Akreditacija i ovla\u0161\u0107enja<\/strong><\/p>\n<p style=\"text-align: justify;\">Laboratorija je akreditovana od strane Akreditacionog tela Srbije (ATS), prema standardu SRPS ISO\/IEC 17025:2017 re\u0161enjem broj 01-003. Prva smo akreditovana laboratorija za oblast ispitivanja zemlji\u0161ta u R. Srbiji \u2013 od 2001. godine.<\/p>\n<p style=\"text-align: justify;\">Laboratorija poseduje i re\u0161enja nadle\u017enog Ministarstva poljoprivrede, \u0161umarstva i vodoprivrede Republike Srbije za: ispitivanje fizi\u010dkih i hemijskih osobina zemlji\u0161ta, ispitivanje opasnih i \u0161tetnih materija u zemlji\u0161tu, elementarnog sastava i fiziolo\u0161kih svojstava biljnog materijala, fizi\u010dko-hemijske analize \u0111ubriva i ispitivanja biolo\u0161ke vrednosti \u0111ubriva, hemijske analize vode, ispitivanje fizi\u010dko-hemijskih osobina pesticida i ostataka pesticida u zemlji\u0161tu, vodi, biljnom materijalu i hrani.<\/p>\n<p style=\"text-align: justify;\">Institut za ratarstvo i povrtarstvo je celokupni svoj rad, odnosno delatnost svih radnih jedinica, usaglasio sa standardima ISO 9001:2015 (T\u00dcV S\u00dcD \u2116 12 100 50114 TMS) Sistem menad\u017ementa kvalitetom i ISO 14001:2015 (T\u00dcV S\u00dcD \u2116\u00a0 12 104 50114 TMS) Sistem menad\u017ementa za\u0161titom \u017eivotne sredine.<\/p>\n<p style=\"text-align: justify;\"><strong>Najzna\u010dajnija oprema<\/strong><\/p>\n<ol style=\"text-align: justify;\">\n<li>Gasni hromatograf Agilent 6890N sa masenim detektorom Agilent 5975B<\/li>\n<li>Gasni hromatograf ECD\/FID Agilent 7890A<\/li>\n<li>Te\u010dni hromatograf HP 1100<\/li>\n<li>Gasni hromatograf HP 5890<\/li>\n<li>Indukovano kuplovana plazma ICP-OES VistaPro Varian<\/li>\n<li>Atomski apsorpcioni spektrofotometar SpectrAA-600 sa grafitnom tehnikom GTA100 Varian<\/li>\n<li>CHNS analizator VarioEL III<\/li>\n<li>Aparat za direktno odre\u0111ivanje sadr\u017eaja \u017eive (Mercury Analyzer \u2013 Direct DMA 80)<\/li>\n<li>Spektrofotometar UV\/VIS Cary 60 E Agilent<\/li>\n<li>Mikrotalasni sistem za digestiju ETHOS1 Milestone<\/li>\n<li>Plamenfotometar Scherwood M410<\/li>\n<li>Uzorkiva\u010d kolone zemlji\u0161ta i oprema za postavljanje pijezometara (Cobra)<\/li>\n<li>Dron (Phantom 4)<\/li>\n<\/ol>\n<p style=\"text-align: justify;\">Laboratorija je kompletno opremljena za uzorkovanje na terenu sa 5 terenskih vozila, opremom za uzorkovanje (Set ergonomskih Eijkelkamp sondi za uzorkovanje svih tipova zemlji\u0161ta) i ru\u010dnim GPS prijemnicima.<\/p>\n<p style=\"text-align: justify;\">U okviru analiti\u010dkih postupaka primenjuju se odgovaraju\u0107i srpski standardi SRPS Instituta za standardizaciju Srbije, ali i savremene dokumentovane metode i metode me\u0111unarodnih i\/ili doma\u0107ih asocijacija kao \u0161to su:<\/p>\n<ul style=\"text-align: justify;\">\n<li>ISO (International Organization for Standardization),<\/li>\n<li>AOAC (Association of Official Analytical Chemists),<\/li>\n<li>USEPA Test Methods (US Environmental Protection Agency),<\/li>\n<li>CIPAC (Collaborative International Pesticides Analytical Council).<\/li>\n<\/ul>\n<p style=\"text-align: justify;\">Laboratorija poseduje odgovaraju\u0107e analiti\u010dke standardne supstance i koristi referentne materijale BCR\u00a0<em>(European Commission, Joint Research Centre, Institute for Reference Materials and Measurements)<\/em>\u00a0za proveru ta\u010dnosti i preciznosti.<\/p>\n<p style=\"text-align: justify;\">Laboratorija permanentno u\u010destvuje u doma\u0107im i me\u0111unarodnim me\u0111ulaboratorijskim ispitivanjima i proficiency testovima.<\/p>\n<p style=\"text-align: justify;\"><strong>Analize i uzorkovanje zemlji\u0161ta:<\/strong><\/p>\n<ul style=\"text-align: justify;\">\n<li>uzorkovanje zemlji\u0161ta u naru\u0161enom i nenaru\u0161enom stanju,<\/li>\n<li>izrada namenskih pedolo\u0161kih karata i studija,<\/li>\n<li>izrada informacionog sistema o zemlji\u0161tu,<\/li>\n<li>ispitivanje zemlji\u0161ta pre zasnivanja vi\u0161egodi\u0161njih zasada<\/li>\n<li>ostali projekti, studije i elaborati iz oblasti ispitivanja zemlji\u0161ta,<\/li>\n<li>osnovni parametri plodnosti zemlji\u0161ta\u00a0<u>sa preporukom za \u0111ubrenje,<\/u><\/li>\n<li>elementarni sastav zemlji\u0161ta: makroelementi Ca, Mg, K, Na, Fe; mikroelementi Cu, Zn, Mn, Co, Mo, B; te\u0161ki metali Pb, Cd, Ni, Cr, As, Hg,<\/li>\n<li>organski zaga\u0111iva\u010di zemlji\u0161ta (ostaci pesticida i njihovih metabolita, PAH-ovi, PCB, ugljovodonici),<\/li>\n<li>fizi\u010dka svojstva zemlji\u0161ta.<\/li>\n<\/ul>\n<p style=\"text-align: justify;\"><strong>Analize i uzorkovanje \u0111ubriva (mineralnih i organskih)<\/strong><\/p>\n<p style=\"text-align: justify;\">Laboratorija vr\u0161i kontrolu sredstava za ishranu bilja za potrebe Unutra\u0161nje i Grani\u010dne fitosanitarne inspekcije prilikom uvoza, prilikom registracije \u0111ubriva \u2013 upisa u Registar sredstava za ishranu bilja, kao i kontrolu kvaliteta \u0111ubriva i oplemenjiva\u010da za potrebe fizi\u010dkih i pravnih lica.<\/p>\n<p style=\"text-align: justify;\">Kvalitet i preciznost svojih akreditovanih metoda, stru\u010dnost osoblja i izbor savremenih instrumentalnih tehnika, laboratorija je potvrdila vi\u0161e puta u\u010de\u0161\u0107em na zahtevnim me\u0111ulaboratorijskim testiranjima, rame uz rame sa vi\u0161e desetina svetskih laboratorija. Obu\u010deni uzorkiva\u010di izlaze i na teren po zahtevu klijenata.<\/p>\n<p style=\"text-align: justify;\">Laboratorija je ovla\u0161\u0107ena od strane Ministarstva poljoprivrede, \u0161umarstva i vodoprivrede za registraciju \u0111ubriva i ispitivanje fizi\u010dke, hemijske i biolo\u0161ke vrednosti \u0111ubriva.<\/p>\n<p style=\"text-align: justify;\">Imamo dugogodi\u0161nje iskustvo i\u00a0 impozantan broj analiza: neorganskih \u0111ubriva, organskih \u0111ubriva, organsko-neorganskih \u0111ubriva, oplemenjiva\u010da zemlji\u0161ta (neorganskih i organskih komposta), supstrata I drugih proizvoda\u2026<\/p>\n<p style=\"text-align: justify;\"><strong>Analize i uzorkovanje pesticida (hromatografija)<\/strong><\/p>\n<p style=\"text-align: justify;\">Ispitivanje kvaliteta sredstava za za\u0161titu bilja, \u0161to uklju\u010duje odre\u0111ivanje sadr\u017eaja aktivne materije i proveru ispravnosti ostalih fizi\u010dko-hemijskih osobina formulacija.<\/p>\n<p style=\"text-align: justify;\">Opremljenost omogu\u0107ava ispitivanja ostataka organohlornih pesticida, kao i drugih organskih zaga\u0111iva\u010da prisutnih u zemlji\u0161tu (PAHs, PCBs, ukupni ugljovodonici, alifati\u010dni i aromati\u010dni ugljovodonici).<\/p>\n<p style=\"text-align: justify;\">Ispitivanja masnokiselinskog sastava ulja.<\/p>\n<p style=\"text-align: justify;\">Laboratorija vr\u0161i i uslu\u017ene analize kanabinoida u konoplji.<\/p>\n<p style=\"text-align: justify;\"><strong>\u00a0<\/strong><strong>Analize biljnog materijala<\/strong><\/p>\n<p style=\"text-align: justify;\">Analiza sadr\u017eaja proteina, ulja, celuloze, pepela mogu dati odgovore o va\u0161em finalnom proizvodu. Ovi parametri su jednako zanimljivi i u biljnom materijalu koji slu\u017ei kao sto\u010dna hrana i sila\u017ea. Sa aspekta svarljivosti celuloze posebno su interesantne analize ADF, NDF i ADL,\u00a0 koje na\u0161a laboratorija tako\u0111e radi.<\/p>\n<p style=\"text-align: justify;\">Vr\u0161imo analiza masno-kiselinskog sastava ulja, trans-izomera masnih kiselina, sadr\u017eaj slobodnih masnih kiselina u ulju i ostataka pesticida u biljnom materijalu (organohlorna, organofosfatna grupa jedinjenja, ditiokarbamati).<\/p>\n<p style=\"text-align: justify;\"><strong>Analize i uzorkovanje vode za navodnjavanje<\/strong><\/p>\n<p style=\"text-align: justify;\">Postavljanje direktnih bunara (pijezometara) i uzorkovanje podzemnih, procednih i povr\u0161inskih voda.<\/p>\n<p style=\"text-align: justify;\">Suvi ostatak, EC, pH, sadr\u017eaj: CO<sub>3<\/sub><sup>2-<\/sup>, HCO<sub>3<\/sub>-, SO<sub>4<\/sub><sup>2-<\/sup>, NO<sub>3<\/sub>-, sadr\u017eaj hlorida po Mohr-u, sadr\u017eaj:<br \/>\nCa, Mg, K, Na, koeficijent adsorbcije Na-SAR, sadr\u017eaj mikroelemenata i te\u0161kih metala.<\/p>\n<p style=\"text-align: justify;\">Tuma\u010denjem rezultata daje se preporuka o kvalitetu i pogodnosti vode za navodnjavanje.<\/p>\n<\/div>\n<\/div><\/div><\/div><\/div><\/div><\/p>\n","protected":false},"excerpt":{"rendered":"","protected":false},"author":2,"featured_media":0,"parent":32410,"menu_order":0,"comment_status":"closed","ping_status":"closed","template":"100-width.php","meta":{"footnotes":""},"class_list":["post-32433","page","type-page","status-publish","hentry"],"_links":{"self":[{"href":"https:\/\/nsseme.com\/en\/wp-json\/wp\/v2\/pages\/32433","targetHints":{"allow":["GET"]}}],"collection":[{"href":"https:\/\/nsseme.com\/en\/wp-json\/wp\/v2\/pages"}],"about":[{"href":"https:\/\/nsseme.com\/en\/wp-json\/wp\/v2\/types\/page"}],"author":[{"embeddable":true,"href":"https:\/\/nsseme.com\/en\/wp-json\/wp\/v2\/users\/2"}],"replies":[{"embeddable":true,"href":"https:\/\/nsseme.com\/en\/wp-json\/wp\/v2\/comments?post=32433"}],"version-history":[{"count":1,"href":"https:\/\/nsseme.com\/en\/wp-json\/wp\/v2\/pages\/32433\/revisions"}],"predecessor-version":[{"id":40181,"href":"https:\/\/nsseme.com\/en\/wp-json\/wp\/v2\/pages\/32433\/revisions\/40181"}],"up":[{"embeddable":true,"href":"https:\/\/nsseme.com\/en\/wp-json\/wp\/v2\/pages\/32410"}],"wp:attachment":[{"href":"https:\/\/nsseme.com\/en\/wp-json\/wp\/v2\/media?parent=32433"}],"curies":[{"name":"wp","href":"https:\/\/api.w.org\/{rel}","templated":true}]}}